{"id":147,"date":"2024-06-29T22:27:03","date_gmt":"2024-06-30T05:27:03","guid":{"rendered":"https:\/\/olilit.com\/?page_id=147"},"modified":"2026-02-06T09:13:30","modified_gmt":"2026-02-06T17:13:30","slug":"contact-us","status":"publish","type":"page","link":"https:\/\/olilit.com\/es\/contact-us\/","title":{"rendered":"Contacta con Nosotros"},"content":{"rendered":"<div class=\"wpb-content-wrapper\"><section class=\"vc_section top-bg vc_custom_1721598455636\"><div class=\"vc_row wpb_row vc_row-fluid\"><div class=\"wpb_column vc_column_container vc_col-sm-12\"><div class=\"vc_column-inner\"><div class=\"wpb_wrapper\">\n\t<div class=\"wpb_text_column wpb_content_element  vc_custom_1719790623083\" >\n\t\t<div class=\"wpb_wrapper\">\n\t\t\t<h1 style=\"text-align: center;\">Estamos Aqu\u00ed para Ayudar<\/h1>\n\n\t\t<\/div>\n\t<\/div>\n\n\t<div class=\"wpb_text_column wpb_content_element  vc_custom_1719796367522\" >\n\t\t<div class=\"wpb_wrapper\">\n\t\t\t<p style=\"text-align: center;\">En Olilit Funding, nos dedicamos a ayudarlo a obtener el apoyo financiero que necesita durante su batalla legal. Dar el primer paso es f\u00e1cil.<\/p>\n\n\t\t<\/div>\n\t<\/div>\n<\/div><\/div><\/div><\/div><\/section><section data-vc-full-width=\"true\" data-vc-full-width-temp=\"true\" data-vc-full-width-init=\"false\" class=\"vc_section body-blue-bg vc_custom_1721598503423\"><div data-vc-full-width=\"true\" data-vc-full-width-temp=\"true\" data-vc-full-width-init=\"false\" class=\"vc_row wpb_row vc_row-fluid\"><div class=\"wpb_column vc_column_container vc_col-sm-6\"><div class=\"vc_column-inner\"><div class=\"wpb_wrapper\">\n\t<div class=\"wpb_text_column wpb_content_element  vc_custom_1721598514854\" >\n\t\t<div class=\"wpb_wrapper\">\n\t\t\t<h2><span style=\"color: #ffffff;\">Asegure Su Estabilidad Financiera<\/span><\/h2>\n\n\t\t<\/div>\n\t<\/div>\n\n\t<div class=\"wpb_text_column wpb_content_element  vc_custom_1721598534229\" >\n\t\t<div class=\"wpb_wrapper\">\n\t\t\t<p><span style=\"color: #ffffff;\">No permita que el estr\u00e9s financiero obstaculice su capacidad de buscar justicia. Con Olilit Funding, puede acceder a los fondos que necesita para cubrir sus gastos y concentrarse en su recuperaci\u00f3n. Nuestros avances en litigios previos al acuerdo de consumidores est\u00e1n dise\u00f1ados para brindarle la tranquilidad y la estabilidad financiera que se merece.<\/span><\/p>\n\n\t\t<\/div>\n\t<\/div>\n<\/div><\/div><\/div><div class=\"wpb_column vc_column_container vc_col-sm-6\"><div class=\"vc_column-inner\"><div class=\"wpb_wrapper\">\n\t<div class=\"wpb_text_column wpb_content_element  vc_custom_1721598523845\" >\n\t\t<div class=\"wpb_wrapper\">\n\t\t\t<h2><span style=\"color: #ffffff;\">H\u00e1ganos Saber C\u00f3mo Podemos Ayudar<\/span><\/h2>\n\n\t\t<\/div>\n\t<\/div>\n\n\t<div class=\"wpb_text_column wpb_content_element  vc_custom_1721598543648\" >\n\t\t<div class=\"wpb_wrapper\">\n\t\t\t<p><span style=\"color: #ffffff;\">Nuestro equipo est\u00e1 aqu\u00ed para ayudarle en cada paso del camino. Si tiene alguna pregunta o necesita m\u00e1s informaci\u00f3n sobre nuestros servicios de financiaci\u00f3n, no dude en comunicarse. Puede contactarnos por tel\u00e9fono, correo electr\u00f3nico o a trav\u00e9s de nuestro formulario en l\u00ednea. Estamos comprometidos a brindarle respuestas r\u00e1pidas y \u00fatiles.<\/span><\/p>\n\n\t\t<\/div>\n\t<\/div>\n<\/div><\/div><\/div><\/div><div class=\"vc_row-full-width vc_clearfix\"><\/div><\/section><div class=\"vc_row-full-width vc_clearfix\"><\/div><section data-vc-full-width=\"true\" data-vc-full-width-temp=\"true\" data-vc-full-width-init=\"false\" class=\"vc_section body-bg vc_custom_1721598578522\"><div class=\"vc_row wpb_row vc_row-fluid\"><div class=\"wpb_column vc_column_container vc_col-sm-12\"><div class=\"vc_column-inner\"><div class=\"wpb_wrapper\">\n\t<div class=\"wpb_text_column wpb_content_element  vc_custom_1721608376786\" >\n\t\t<div class=\"wpb_wrapper\">\n\t\t\t<h2 style=\"text-align: center;\">Empiece Hoy<\/h2>\n\n\t\t<\/div>\n\t<\/div>\n<\/div><\/div><\/div><\/div><div class=\"vc_row wpb_row vc_row-fluid vc_row-o-equal-height vc_row-flex\"><div class=\"wpb_column vc_column_container vc_col-sm-6\"><div class=\"vc_column-inner\"><div class=\"wpb_wrapper\">\n\t<div class=\"wpb_text_column wpb_content_element  vc_custom_1751057532934\" >\n\t\t<div class=\"wpb_wrapper\">\n\t\t\t<p><span style=\"color: #0c4da1;\"><strong>N\u00famero de Tel\u00e9fono:<\/strong><\/span><br \/>\n(725) 291-5100<br \/>\n<span style=\"color: #0c4da1;\"><strong>Fax Number:<\/strong><\/span><br \/>\n(725) 291-5104<\/p>\n\n\t\t<\/div>\n\t<\/div>\n<div class=\"hr-thin style-line\" style=\"width: 100%;border-color: #0c4da1;border-top-width: 1px;\"><\/div>\n\t<div class=\"wpb_text_column wpb_content_element  vc_custom_1751057666981\" >\n\t\t<div class=\"wpb_wrapper\">\n\t\t\t<p><span style=\"color: #0c4da1;\"><strong>Direcci\u00f3n:<\/strong><\/span><br \/>\n1489 W Warm Springs Rd. #110<br \/>\nHenderson, NV 89014<\/p>\n\n\t\t<\/div>\n\t<\/div>\n<div class=\"hr-thin style-line\" style=\"width: 100%;border-color: #0c4da1;border-top-width: 1px;\"><\/div><div class=\"vc_empty_space\"   style=\"height: 10px\"><span class=\"vc_empty_space_inner\"><\/span><\/div>\n\t<div class=\"wpb_text_column wpb_content_element  vc_custom_1721608837057\" >\n\t\t<div class=\"wpb_wrapper\">\n\t\t\t<p><span style=\"color: #0c4da1;\"><strong>Ubicaci\u00f3n:<\/strong><\/span><\/p>\n\n\t\t<\/div>\n\t<\/div>\n<div class=\"wpb_gmaps_widget wpb_content_element wpb_animate_when_almost_visible wpb_fadeInLeftBig fadeInLeftBig\"><div class=\"wpb_wrapper\"><div class=\"wpb_map_wraper\"><iframe src=\"https:\/\/www.google.com\/maps\/embed?pb=!1m18!1m12!1m3!1d5459.999876928662!2d-115.05059654534541!3d36.054468652833485!2m3!1f0!2f0!3f0!3m2!1i1024!2i768!4f13.1!3m3!1m2!1s0x80c8d0568bfa2ae7%3A0xdd34def9b0cef353!2s1489%20W%20Warm%20Springs%20Rd%2C%20Henderson%2C%20NV%2089014!5e1!3m2!1sen!2sus!4v1770397971500!5m2!1sen!2sus\" width=\"600\" height=\"450\" style=\"border:0;\" allowfullscreen=\"\" loading=\"lazy\" referrerpolicy=\"no-referrer-when-downgrade\"><\/iframe><\/div><\/div><\/div><\/div><\/div><\/div><div class=\"wpb_column vc_column_container vc_col-sm-6\"><div class=\"vc_column-inner\"><div class=\"wpb_wrapper\"><div class=\"wpforms-container wpforms-container-full wpforms-render-modern\" id=\"wpforms-796\"><form id=\"wpforms-form-796\" class=\"wpforms-validate wpforms-form wpforms-ajax-form\" data-formid=\"796\" method=\"post\" enctype=\"multipart\/form-data\" action=\"\/es\/wp-json\/wp\/v2\/pages\/147\" data-token=\"f28d36373c353e4196f940fd1c2df603\" data-token-time=\"1776300121\" data-trp-original-action=\"\/es\/wp-json\/wp\/v2\/pages\/147\"><div class=\"wpforms-head-container\"><div class=\"wpforms-title\">We&#039;re Available to Help!<\/div><div class=\"wpforms-description\">Your satisfaction is our priority, and we\u2019re committed to ensuring you have a positive experience. Don\u2019t hesitate to reach out\u2014we\u2019re just a message away!<\/div><\/div><noscript class=\"wpforms-error-noscript\">Por favor, activa JavaScript en tu navegador para completar este formulario.<\/noscript><div class=\"wpforms-hidden\" id=\"wpforms-error-noscript\">Por favor, activa JavaScript en tu navegador para completar este formulario.<\/div><div class=\"wpforms-field-container\">\t\t<div id=\"wpforms-796-field_1-container\"\n\t\t\tclass=\"wpforms-field wpforms-field-text\"\n\t\t\tdata-field-type=\"text\"\n\t\t\tdata-field-id=\"1\"\n\t\t\t>\n\t\t\t<label class=\"wpforms-field-label\" for=\"wpforms-796-field_1\" >Name Help? Email<\/label>\n\t\t\t<input type=\"text\" id=\"wpforms-796-field_1\" class=\"wpforms-field-medium\" name=\"wpforms[fields][1]\" >\n\t\t<\/div>\n\t\t<div id=\"wpforms-796-field_10-container\" class=\"wpforms-field wpforms-field-name\" data-field-id=\"10\"><fieldset><legend class=\"wpforms-field-label\">Nombre <span class=\"wpforms-required-label\" aria-hidden=\"true\">*<\/span><\/legend><div class=\"wpforms-field-row wpforms-field-large\"><div class=\"wpforms-field-row-block wpforms-first wpforms-one-half\"><input type=\"text\" id=\"wpforms-796-field_10\" class=\"wpforms-field-name-first wpforms-field-required\" name=\"wpforms[fields][10][first]\" aria-errormessage=\"wpforms-796-field_10-error\" required><label for=\"wpforms-796-field_10\" class=\"wpforms-field-sublabel after\">Nombre<\/label><\/div><div class=\"wpforms-field-row-block wpforms-one-half\"><input type=\"text\" id=\"wpforms-796-field_10-last\" class=\"wpforms-field-name-last wpforms-field-required\" name=\"wpforms[fields][10][last]\" aria-errormessage=\"wpforms-796-field_10-last-error\" required><label for=\"wpforms-796-field_10-last\" class=\"wpforms-field-sublabel after\">Apellidos<\/label><\/div><\/div><\/fieldset><\/div><div id=\"wpforms-796-field_11-container\" class=\"wpforms-field wpforms-field-phone\" data-field-id=\"11\"><label class=\"wpforms-field-label\" for=\"wpforms-796-field_11\">Tel\u00e9fono <span class=\"wpforms-required-label\" aria-hidden=\"true\">*<\/span><\/label><input type=\"tel\" id=\"wpforms-796-field_11\" class=\"wpforms-field-large wpforms-field-required wpforms-smart-phone-field\" data-rule-smart-phone-field=\"true\" name=\"wpforms[fields][11]\" aria-label=\"Tel\u00e9fono\" aria-errormessage=\"wpforms-796-field_11-error\" required><\/div><div id=\"wpforms-796-field_12-container\" class=\"wpforms-field wpforms-field-email\" data-field-id=\"12\"><label class=\"wpforms-field-label\" for=\"wpforms-796-field_12\">Correo <span class=\"wpforms-required-label\" aria-hidden=\"true\">*<\/span><\/label><input type=\"email\" id=\"wpforms-796-field_12\" class=\"wpforms-field-large wpforms-field-required\" name=\"wpforms[fields][12]\" spellcheck=\"false\" aria-errormessage=\"wpforms-796-field_12-error\" required><\/div><div id=\"wpforms-796-field_3-container\" class=\"wpforms-field wpforms-field-textarea\" data-field-id=\"3\"><label class=\"wpforms-field-label\" for=\"wpforms-796-field_3\">\u00bfC\u00f3mo Podemos Ayudar? <span class=\"wpforms-required-label\" aria-hidden=\"true\">*<\/span><\/label><textarea id=\"wpforms-796-field_3\" class=\"wpforms-field-medium wpforms-field-required\" name=\"wpforms[fields][3]\" aria-errormessage=\"wpforms-796-field_3-error\" required><\/textarea><\/div><script>\n\t\t\t\t( function() {\n\t\t\t\t\tconst style = document.createElement( 'style' );\n\t\t\t\t\tstyle.appendChild( document.createTextNode( '#wpforms-796-field_1-container { position: absolute !important; overflow: hidden !important; display: inline !important; height: 1px !important; width: 1px !important; z-index: -1000 !important; padding: 0 !important; } #wpforms-796-field_1-container input { visibility: hidden; } #wpforms-conversational-form-page #wpforms-796-field_1-container label { counter-increment: none; }' ) );\n\t\t\t\t\tdocument.head.appendChild( style );\n\t\t\t\t\tdocument.currentScript?.remove();\n\t\t\t\t} )();\n\t\t\t<\/script><\/div><!-- .wpforms-field-container --><div class=\"wpforms-recaptcha-container wpforms-is-recaptcha wpforms-is-recaptcha-type-v3\" ><input type=\"hidden\" name=\"wpforms[recaptcha]\" value=\"\"><\/div><div class=\"wpforms-submit-container\" ><input type=\"hidden\" name=\"wpforms[id]\" value=\"796\"><input type=\"hidden\" name=\"page_title\" value=\"\"><input type=\"hidden\" name=\"page_url\" value=\"https:\/\/olilit.com\/es\/wp-json\/wp\/v2\/pages\/147\"><input type=\"hidden\" name=\"url_referer\" value=\"\"><button type=\"submit\" name=\"wpforms[submit]\" id=\"wpforms-submit-796\" class=\"wpforms-submit\" data-alt-text=\"Sending...\" data-submit-text=\"Submit\" aria-live=\"assertive\" value=\"wpforms-submit\">Entregar<\/button><img loading=\"lazy\" decoding=\"async\" src=\"https:\/\/olilit.com\/wp-content\/plugins\/wpforms\/assets\/images\/submit-spin.svg\" class=\"wpforms-submit-spinner\" style=\"display: none;\" width=\"26\" height=\"26\" alt=\"Cargando\"><\/div><input type=\"hidden\" name=\"trp-form-language\" value=\"es\"\/><\/form><\/div>  <!-- .wpforms-container --><\/div><\/div><\/div><\/div><!-- Row Backgrounds --><div class=\"upb_color\" data-bg-override=\"0\" data-bg-color=\"#ffffff\" data-fadeout=\"\" data-fadeout-percentage=\"30\" data-parallax-content=\"\" data-parallax-content-sense=\"30\" data-row-effect-mobile-disable=\"true\" data-img-parallax-mobile-disable=\"true\" data-rtl=\"false\"  data-custom-vc-row=\"\"  data-vc=\"8.7.1\"  data-is_old_vc=\"\"  data-theme-support=\"\"   data-overlay=\"false\" data-overlay-color=\"\" data-overlay-pattern=\"\" data-overlay-pattern-opacity=\"\" data-overlay-pattern-size=\"\"     data-hide-row=\" uvc_hidden-sm  uvc_hidden-xs  uvc_hidden-xsl \" ><\/div><div class=\"vc_row wpb_row vc_row-fluid vc_row-o-equal-height vc_row-flex\"><div class=\"wpb_column vc_column_container vc_col-sm-12\"><div class=\"vc_column-inner\"><div class=\"wpb_wrapper\"><div class=\"wpforms-container wpforms-container-full wpforms-render-modern\" id=\"wpforms-796\"><form id=\"wpforms-form-796\" class=\"wpforms-validate wpforms-form wpforms-ajax-form\" data-formid=\"796\" method=\"post\" enctype=\"multipart\/form-data\" action=\"\/es\/wp-json\/wp\/v2\/pages\/147\" data-token=\"f28d36373c353e4196f940fd1c2df603\" data-token-time=\"1776300121\" data-trp-original-action=\"\/es\/wp-json\/wp\/v2\/pages\/147\"><div class=\"wpforms-head-container\"><div class=\"wpforms-title\">We&#039;re Available to Help!<\/div><div class=\"wpforms-description\">Your satisfaction is our priority, and we\u2019re committed to ensuring you have a positive experience. Don\u2019t hesitate to reach out\u2014we\u2019re just a message away!<\/div><\/div><noscript class=\"wpforms-error-noscript\">Por favor, activa JavaScript en tu navegador para completar este formulario.<\/noscript><div class=\"wpforms-hidden\" id=\"wpforms-error-noscript\">Por favor, activa JavaScript en tu navegador para completar este formulario.<\/div><div class=\"wpforms-field-container\"><div id=\"wpforms-796-field_10-container\" class=\"wpforms-field wpforms-field-name\" data-field-id=\"10\"><fieldset><legend class=\"wpforms-field-label\">Nombre <span class=\"wpforms-required-label\" aria-hidden=\"true\">*<\/span><\/legend><div class=\"wpforms-field-row wpforms-field-large\"><div class=\"wpforms-field-row-block wpforms-first wpforms-one-half\"><input type=\"text\" id=\"wpforms-796-field_10\" class=\"wpforms-field-name-first wpforms-field-required\" name=\"wpforms[fields][10][first]\" aria-errormessage=\"wpforms-796-field_10-error\" required><label for=\"wpforms-796-field_10\" class=\"wpforms-field-sublabel after\">Nombre<\/label><\/div><div class=\"wpforms-field-row-block wpforms-one-half\"><input type=\"text\" id=\"wpforms-796-field_10-last\" class=\"wpforms-field-name-last wpforms-field-required\" name=\"wpforms[fields][10][last]\" aria-errormessage=\"wpforms-796-field_10-last-error\" required><label for=\"wpforms-796-field_10-last\" class=\"wpforms-field-sublabel after\">Apellidos<\/label><\/div><\/div><\/fieldset><\/div><div id=\"wpforms-796-field_11-container\" class=\"wpforms-field wpforms-field-phone\" data-field-id=\"11\"><label class=\"wpforms-field-label\" for=\"wpforms-796-field_11\">Tel\u00e9fono <span class=\"wpforms-required-label\" aria-hidden=\"true\">*<\/span><\/label><input type=\"tel\" id=\"wpforms-796-field_11\" class=\"wpforms-field-large wpforms-field-required wpforms-smart-phone-field\" data-rule-smart-phone-field=\"true\" name=\"wpforms[fields][11]\" aria-label=\"Tel\u00e9fono\" aria-errormessage=\"wpforms-796-field_11-error\" required><\/div><div id=\"wpforms-796-field_12-container\" class=\"wpforms-field wpforms-field-email\" data-field-id=\"12\"><label class=\"wpforms-field-label\" for=\"wpforms-796-field_12\">Correo <span class=\"wpforms-required-label\" aria-hidden=\"true\">*<\/span><\/label><input type=\"email\" id=\"wpforms-796-field_12\" class=\"wpforms-field-large wpforms-field-required\" name=\"wpforms[fields][12]\" spellcheck=\"false\" aria-errormessage=\"wpforms-796-field_12-error\" required><\/div>\t\t<div id=\"wpforms-796-field_1-container\"\n\t\t\tclass=\"wpforms-field wpforms-field-text\"\n\t\t\tdata-field-type=\"text\"\n\t\t\tdata-field-id=\"1\"\n\t\t\t>\n\t\t\t<label class=\"wpforms-field-label\" for=\"wpforms-796-field_1\" >Email How Name<\/label>\n\t\t\t<input type=\"text\" id=\"wpforms-796-field_1\" class=\"wpforms-field-medium\" name=\"wpforms[fields][1]\" >\n\t\t<\/div>\n\t\t<div id=\"wpforms-796-field_3-container\" class=\"wpforms-field wpforms-field-textarea\" data-field-id=\"3\"><label class=\"wpforms-field-label\" for=\"wpforms-796-field_3\">\u00bfC\u00f3mo Podemos Ayudar? <span class=\"wpforms-required-label\" aria-hidden=\"true\">*<\/span><\/label><textarea id=\"wpforms-796-field_3\" class=\"wpforms-field-medium wpforms-field-required\" name=\"wpforms[fields][3]\" aria-errormessage=\"wpforms-796-field_3-error\" required><\/textarea><\/div><script>\n\t\t\t\t( function() {\n\t\t\t\t\tconst style = document.createElement( 'style' );\n\t\t\t\t\tstyle.appendChild( document.createTextNode( '#wpforms-796-field_1-container { position: absolute !important; overflow: hidden !important; display: inline !important; height: 1px !important; width: 1px !important; z-index: -1000 !important; padding: 0 !important; } #wpforms-796-field_1-container input { visibility: hidden; } #wpforms-conversational-form-page #wpforms-796-field_1-container label { counter-increment: none; }' ) );\n\t\t\t\t\tdocument.head.appendChild( style );\n\t\t\t\t\tdocument.currentScript?.remove();\n\t\t\t\t} )();\n\t\t\t<\/script><\/div><!-- .wpforms-field-container --><div class=\"wpforms-recaptcha-container wpforms-is-recaptcha wpforms-is-recaptcha-type-v3\" ><input type=\"hidden\" name=\"wpforms[recaptcha]\" value=\"\"><\/div><div class=\"wpforms-submit-container\" ><input type=\"hidden\" name=\"wpforms[id]\" value=\"796\"><input type=\"hidden\" name=\"page_title\" value=\"\"><input type=\"hidden\" name=\"page_url\" value=\"https:\/\/olilit.com\/es\/wp-json\/wp\/v2\/pages\/147\"><input type=\"hidden\" name=\"url_referer\" value=\"\"><button type=\"submit\" name=\"wpforms[submit]\" id=\"wpforms-submit-796\" class=\"wpforms-submit\" data-alt-text=\"Sending...\" data-submit-text=\"Submit\" aria-live=\"assertive\" value=\"wpforms-submit\">Entregar<\/button><img loading=\"lazy\" decoding=\"async\" src=\"https:\/\/olilit.com\/wp-content\/plugins\/wpforms\/assets\/images\/submit-spin.svg\" class=\"wpforms-submit-spinner\" style=\"display: none;\" width=\"26\" height=\"26\" alt=\"Cargando\"><\/div><input type=\"hidden\" name=\"trp-form-language\" value=\"es\"\/><\/form><\/div>  <!-- .wpforms-container -->\n\t<div class=\"wpb_text_column wpb_content_element  vc_custom_1751057545173\" >\n\t\t<div class=\"wpb_wrapper\">\n\t\t\t<p><span style=\"color: #0c4da1;\"><strong>N\u00famero de Tel\u00e9fono:<\/strong><\/span><br \/>\n(725) 291-5100<br \/>\n<span style=\"color: #0c4da1;\"><strong>Fax Number:<\/strong><\/span><br \/>\n(725) 291-5104<\/p>\n\n\t\t<\/div>\n\t<\/div>\n<div class=\"hr-thin style-line\" style=\"width: 100%;border-color: #0c4da1;border-top-width: 1px;\"><\/div>\n\t<div class=\"wpb_text_column wpb_content_element  vc_custom_1751057679491\" >\n\t\t<div class=\"wpb_wrapper\">\n\t\t\t<p><span style=\"color: #0c4da1;\"><strong>Direcci\u00f3n:<\/strong><\/span><br \/>\n1489 W Warm Springs Rd. #110<br \/>\nHenderson, NV 89014<\/p>\n\n\t\t<\/div>\n\t<\/div>\n<div class=\"hr-thin style-line\" style=\"width: 100%;border-color: #0c4da1;border-top-width: 1px;\"><\/div><div class=\"vc_empty_space\"   style=\"height: 10px\"><span class=\"vc_empty_space_inner\"><\/span><\/div>\n\t<div class=\"wpb_text_column wpb_content_element  vc_custom_1721608837057\" >\n\t\t<div class=\"wpb_wrapper\">\n\t\t\t<p><span style=\"color: #0c4da1;\"><strong>Ubicaci\u00f3n:<\/strong><\/span><\/p>\n\n\t\t<\/div>\n\t<\/div>\n<div class=\"wpb_gmaps_widget wpb_content_element wpb_animate_when_almost_visible wpb_fadeInLeftBig fadeInLeftBig\"><div class=\"wpb_wrapper\"><div class=\"wpb_map_wraper\"><iframe src=\"https:\/\/www.google.com\/maps\/embed?pb=!1m18!1m12!1m3!1d7881.749493246747!2d-115.12474911888064!3d36.111784839260416!2m3!1f0!2f0!3f0!3m2!1i1024!2i768!4f13.1!3m3!1m2!1s0x80c8c51fa799f3a5%3A0xcc7898782b72c3c!2s4225%20S%20Eastern%20Ave%2C%20Las%20Vegas%2C%20NV%2089119%2C%20USA!5e0!3m2!1sen!2sco!4v1721603385435!5m2!1sen!2sco\" width=\"600\" height=\"450\" style=\"border:0;\" allowfullscreen=\"\" loading=\"lazy\" referrerpolicy=\"no-referrer-when-downgrade\"><\/iframe><\/div><\/div><\/div><\/div><\/div><\/div><\/div><!-- Row Backgrounds --><div class=\"upb_color\" data-bg-override=\"0\" data-bg-color=\"#ffffff\" data-fadeout=\"\" data-fadeout-percentage=\"30\" data-parallax-content=\"\" data-parallax-content-sense=\"30\" data-row-effect-mobile-disable=\"true\" data-img-parallax-mobile-disable=\"true\" data-rtl=\"false\"  data-custom-vc-row=\"\"  data-vc=\"8.7.1\"  data-is_old_vc=\"\"  data-theme-support=\"\"   data-overlay=\"false\" data-overlay-color=\"\" data-overlay-pattern=\"\" data-overlay-pattern-opacity=\"\" data-overlay-pattern-size=\"\"     data-hide-row=\" uvc_hidden-lg  uvc_hidden-ml  uvc_hidden-md \" ><\/div><\/section><div class=\"vc_row-full-width vc_clearfix\"><\/div><section data-vc-full-width=\"true\" data-vc-full-width-temp=\"true\" data-vc-full-width-init=\"false\" class=\"vc_section body-blue-bg vc_custom_1721598783149\"><div class=\"vc_row wpb_row vc_row-fluid\"><div class=\"wpb_column vc_column_container vc_col-sm-12\"><div class=\"vc_column-inner\"><div class=\"wpb_wrapper\">\n\t<div class=\"wpb_text_column wpb_content_element  vc_custom_1721598741503\" >\n\t\t<div class=\"wpb_wrapper\">\n\t\t\t<h2 style=\"text-align: center;\"><span style=\"color: #ffffff;\">\u00a1La Financiaci\u00f3n de Olilit Puede Ayudar!<\/span><\/h2>\n\n\t\t<\/div>\n\t<\/div>\n\n\t<div class=\"wpb_text_column wpb_content_element  vc_custom_1721598749934\" >\n\t\t<div class=\"wpb_wrapper\">\n\t\t\t<p><span style=\"color: #ffffff;\">Al elegir Olilit Funding, est\u00e1 tomando una decisi\u00f3n inteligente para asegurar su futuro financiero. Presente su solicitud hoy y obtenga el apoyo que necesita para llevar su caso a un acuerdo justo.<\/span><\/p>\n\n\t\t<\/div>\n\t<\/div>\n<\/div><\/div><\/div><\/div><\/section><div class=\"vc_row-full-width vc_clearfix\"><\/div><section data-vc-full-width=\"true\" data-vc-full-width-temp=\"true\" data-vc-full-width-init=\"false\" class=\"vc_section cta-blue-bg\"><div data-vc-full-width=\"true\" data-vc-full-width-temp=\"true\" data-vc-full-width-init=\"false\" class=\"vc_row wpb_row vc_row-fluid\"><div class=\"wpb_column vc_column_container vc_col-sm-12\"><div class=\"vc_column-inner\"><div class=\"wpb_wrapper\">\n\t<div class=\"wpb_text_column wpb_content_element  vc_custom_1719722608669\" >\n\t\t<div class=\"wpb_wrapper\">\n\t\t\t<h2 style=\"text-align: center;\">Empiece Hoy<\/h2>\n\n\t\t<\/div>\n\t<\/div>\n\n\t<div class=\"wpb_text_column wpb_content_element  vc_custom_1719722621143\" >\n\t\t<div class=\"wpb_wrapper\">\n\t\t\t<p><strong><span style=\"color: #0c4da1;\">Asegure su estabilidad financiera y conc\u00e9ntrese en su recuperaci\u00f3n con Olilit Funding. Hable con nuestros especialistas legales y consulte a su abogado para comenzar el proceso. Env\u00ede su solicitud en l\u00ednea o por tel\u00e9fono para acceder a los fondos que necesita r\u00e1pidamente.<\/span><\/strong><\/p>\n\n\t\t<\/div>\n\t<\/div>\n<div class=\"ubtn-ctn-center\"><a class=\"ubtn-link ult-adjust-bottom-margin ubtn-center ubtn-large\" href=\"https:\/\/customer.legalsynq.com\/apply-now\/step-one\" title=\"Aplica ya\" ><button type=\"button\" id=\"ubtn-1223\"  class=\"ubtn ult-adjust-bottom-margin ult-responsive ubtn-large ubtn-bottom-bg  none  ubtn-center   tooltip-69e030593c566\"  data-hover=\"#ffffff\" data-border-color=\"#0c4da1\" data-bg=\"#0c4da1\" data-hover-bg=\"#009b4e\" data-border-hover=\"#009b4e\" data-shadow-hover=\"\" data-shadow-click=\"none\" data-shadow=\"\" data-shd-shadow=\"\"  data-ultimate-target='#ubtn-1223'  data-responsive-json-new='{\"font-size\":\"desktop:20px;\",\"line-height\":\"desktop:30px;\"}'  style=\"font-weight:bold;border-radius:9px;border-width:1px;border-color:#0c4da1;border-style:solid;background: #0c4da1;color: #ffffff;\"><span class=\"ubtn-hover\" style=\"background-color:#009b4e\"><\/span><span class=\"ubtn-data ubtn-text\" >\u00a1APLICA YA!<\/span><\/button><\/a><\/div><\/div><\/div><\/div><\/div><div class=\"vc_row-full-width vc_clearfix\"><\/div><\/section><div class=\"vc_row-full-width vc_clearfix\"><\/div>\n<\/div>","protected":false},"excerpt":{"rendered":"<p>We&#8217;re Here to Help At Olilit Funding, we are dedicated to helping you secure the financial support you need during your legal battle. Taking the first step is easy. Secure Your Financial Stability Don\u2019t let financial stress hinder your ability to pursue justice. With Olilit Funding, you can access the funds you need to cover&hellip;<\/p>","protected":false},"author":1,"featured_media":0,"parent":0,"menu_order":0,"comment_status":"closed","ping_status":"closed","template":"","meta":{"footnotes":""},"class_list":["post-147","page","type-page","status-publish","hentry","description-off"],"_links":{"self":[{"href":"https:\/\/olilit.com\/es\/wp-json\/wp\/v2\/pages\/147","targetHints":{"allow":["GET"]}}],"collection":[{"href":"https:\/\/olilit.com\/es\/wp-json\/wp\/v2\/pages"}],"about":[{"href":"https:\/\/olilit.com\/es\/wp-json\/wp\/v2\/types\/page"}],"author":[{"embeddable":true,"href":"https:\/\/olilit.com\/es\/wp-json\/wp\/v2\/users\/1"}],"replies":[{"embeddable":true,"href":"https:\/\/olilit.com\/es\/wp-json\/wp\/v2\/comments?post=147"}],"version-history":[{"count":63,"href":"https:\/\/olilit.com\/es\/wp-json\/wp\/v2\/pages\/147\/revisions"}],"predecessor-version":[{"id":851,"href":"https:\/\/olilit.com\/es\/wp-json\/wp\/v2\/pages\/147\/revisions\/851"}],"wp:attachment":[{"href":"https:\/\/olilit.com\/es\/wp-json\/wp\/v2\/media?parent=147"}],"curies":[{"name":"wp","href":"https:\/\/api.w.org\/{rel}","templated":true}]}}