{"id":145,"date":"2024-06-29T22:25:56","date_gmt":"2024-06-30T05:25:56","guid":{"rendered":"https:\/\/olilit.com\/?page_id=145"},"modified":"2024-07-21T14:44:39","modified_gmt":"2024-07-21T21:44:39","slug":"frequently-asked-questions","status":"publish","type":"page","link":"https:\/\/olilit.com\/es\/frequently-asked-questions\/","title":{"rendered":"Preguntas Frecuentes"},"content":{"rendered":"<div class=\"wpb-content-wrapper\"><section class=\"vc_section top-bg vc_custom_1721598182499\"><div class=\"vc_row wpb_row vc_row-fluid\"><div class=\"wpb_column vc_column_container vc_col-sm-12\"><div class=\"vc_column-inner\"><div class=\"wpb_wrapper\">\n\t<div class=\"wpb_text_column wpb_content_element  vc_custom_1719763576744\" >\n\t\t<div class=\"wpb_wrapper\">\n\t\t\t<h1 style=\"text-align: center;\">Respuestas a Preguntas Frecuentes<\/h1>\n\n\t\t<\/div>\n\t<\/div>\n\n\t<div class=\"wpb_text_column wpb_content_element  vc_custom_1719763417781\" >\n\t\t<div class=\"wpb_wrapper\">\n\t\t\t<p>En Olilit Funding, entendemos que puede tener muchas preguntas sobre nuestros servicios de financiaci\u00f3n previos al acuerdo. Aqu\u00ed, abordamos algunas de las preguntas m\u00e1s frecuentes para ayudarlo a comprender mejor nuestro proceso y nuestras ofertas.<\/p>\n\n\t\t<\/div>\n\t<\/div>\n<\/div><\/div><\/div><\/div><\/section><section class=\"vc_section vc_custom_1721598277509\"><div class=\"vc_row wpb_row vc_row-fluid\"><div class=\"wpb_column vc_column_container vc_col-sm-12\"><div class=\"vc_column-inner\"><div class=\"wpb_wrapper\"><div  class=\"vc_do_toggle vc_toggle vc_toggle_rounded vc_toggle_color_blue vc_toggle_color_inverted vc_toggle_size_lg    wpb_animate_when_almost_visible wpb_fadeInUp fadeInUp\"><div class=\"vc_toggle_title\"><h4>\u00bfEres Licenciado y Regulado?<\/h4><i class=\"vc_toggle_icon\"><\/i><\/div><div class=\"vc_toggle_content\"><p>S\u00ed, somos una de las pocas empresas de financiaci\u00f3n previa al acuerdo autorizadas y reguladas. Debemos cumplir con estrictos est\u00e1ndares y auditor\u00edas para mantener nuestra licencia.<\/p>\n<\/div><\/div><div  class=\"vc_do_toggle vc_toggle vc_toggle_rounded vc_toggle_color_blue vc_toggle_color_inverted vc_toggle_size_lg    wpb_animate_when_almost_visible wpb_fadeInUp fadeInUp\"><div class=\"vc_toggle_title\"><h4>\u00bfQu\u00e9 tarifas se cobran por recibir financiaci\u00f3n previa al acuerdo?<\/h4><i class=\"vc_toggle_icon\"><\/i><\/div><div class=\"vc_toggle_content\"><p>Cobramos una tarifa simple y \u00fanica por caso y un cargo financiero anual. Estos se divulgan claramente por adelantado antes de recibir su financiaci\u00f3n. No hay cargos ocultos, intereses mensuales ni tarifas adicionales por recibir m\u00e1s fondos para el mismo caso. Operamos con total transparencia para asegurarnos de que comprenda todos los costos involucrados.<\/p>\n<\/div><\/div><div  class=\"vc_do_toggle vc_toggle vc_toggle_rounded vc_toggle_color_blue vc_toggle_color_inverted vc_toggle_size_lg    wpb_animate_when_almost_visible wpb_fadeInUp fadeInUp\"><div class=\"vc_toggle_title\"><h4>\u00bfCu\u00e1nto financiamiento puedo obtener?<\/h4><i class=\"vc_toggle_icon\"><\/i><\/div><div class=\"vc_toggle_content\"><p>La cantidad de financiaci\u00f3n que puede recibir depende de las caracter\u00edsticas espec\u00edficas de su caso. Cada solicitud se eval\u00faa de forma independiente en funci\u00f3n de la solidez y los detalles de su reclamo. Trabajamos estrechamente con su abogado para determinar la cantidad adecuada de financiaci\u00f3n, asegurando que reciba el apoyo financiero que necesita. Podemos adelantar hasta $500,000 por caso.<\/p>\n<\/div><\/div><div  class=\"vc_do_toggle vc_toggle vc_toggle_rounded vc_toggle_color_blue vc_toggle_color_inverted vc_toggle_size_lg    wpb_animate_when_almost_visible wpb_fadeInUp fadeInUp\"><div class=\"vc_toggle_title\"><h4>\u00bfC\u00f3mo recibir\u00e9 mis fondos?<\/h4><i class=\"vc_toggle_icon\"><\/i><\/div><div class=\"vc_toggle_content\"><p>Una vez aprobado, podr\u00e1 recibir sus fondos r\u00e1pidamente, dentro de las 24 horas. Ofrecemos m\u00e9todos de desembolso flexibles, incluidos cheques o transferencias bancarias directamente a su cuenta , lo que le permite acceder a su dinero de manera f\u00e1cil y conveniente.<\/p>\n<\/div><\/div><div  class=\"vc_do_toggle vc_toggle vc_toggle_rounded vc_toggle_color_blue vc_toggle_color_inverted vc_toggle_size_lg    wpb_animate_when_almost_visible wpb_fadeInUp fadeInUp\"><div class=\"vc_toggle_title\"><h4>\u00bfTengo que devolver el dinero si no gano mi caso?<\/h4><i class=\"vc_toggle_icon\"><\/i><\/div><div class=\"vc_toggle_content\"><p>No, nuestra financiaci\u00f3n es sin recurso, lo que significa que si no gana su caso, no nos debe nada. Esto elimina el riesgo financiero y el estr\u00e9s asociados con el pago, lo que le permite concentrarse en su recuperaci\u00f3n y batalla legal.<\/p>\n<\/div><\/div><div  class=\"vc_do_toggle vc_toggle vc_toggle_rounded vc_toggle_color_blue vc_toggle_color_inverted vc_toggle_size_lg    wpb_animate_when_almost_visible wpb_fadeInUp fadeInUp\"><div class=\"vc_toggle_title\"><h4>\u00bfPuedo recibir financiaci\u00f3n previa al acuerdo m\u00e1s de una vez?<\/h4><i class=\"vc_toggle_icon\"><\/i><\/div><div class=\"vc_toggle_content\"><p>S\u00ed, ofrecemos opciones de financiaci\u00f3n flexibles, incluida la posibilidad de recibir m\u00faltiples anticipos. Ya sea que necesite fondos adicionales mensual o trimestralmente, le brindamos el soporte que necesita sin tarifas de procesamiento adicionales ni intereses compuestos.<\/p>\n<\/div><\/div><\/div><\/div><\/div><\/div><\/section><section class=\"vc_section top-bg vc_custom_1721598237528\"><div class=\"vc_row wpb_row vc_row-fluid\"><div class=\"wpb_column vc_column_container vc_col-sm-12\"><div class=\"vc_column-inner\"><div class=\"wpb_wrapper\">\n\t<div class=\"wpb_text_column wpb_content_element  vc_custom_1719763247353\" >\n\t\t<div class=\"wpb_wrapper\">\n\t\t\t<h2 style=\"text-align: center;\">\u00bfA\u00fan Tienes Preguntas?<\/h2>\n\n\t\t<\/div>\n\t<\/div>\n\n\t<div class=\"wpb_text_column wpb_content_element  vc_custom_1719763215544\" >\n\t\t<div class=\"wpb_wrapper\">\n\t\t\t<p>Esperamos que estas respuestas ayuden a aclarar c\u00f3mo funciona Olilit Funding y c\u00f3mo podemos ayudarle durante su recorrido legal. Si tiene m\u00e1s preguntas o necesita informaci\u00f3n adicional, no dude en contactarnos. Estamos aqu\u00ed para apoyarlo en cada paso del camino.<\/p>\n\n\t\t<\/div>\n\t<\/div>\n<\/div><\/div><\/div><\/div><\/section><section data-vc-full-width=\"true\" data-vc-full-width-temp=\"true\" data-vc-full-width-init=\"false\" class=\"vc_section cta-blue-bg\"><div data-vc-full-width=\"true\" data-vc-full-width-temp=\"true\" data-vc-full-width-init=\"false\" class=\"vc_row wpb_row vc_row-fluid\"><div class=\"wpb_column vc_column_container vc_col-sm-12\"><div class=\"vc_column-inner\"><div class=\"wpb_wrapper\">\n\t<div class=\"wpb_text_column wpb_content_element  vc_custom_1719722608669\" >\n\t\t<div class=\"wpb_wrapper\">\n\t\t\t<h2 style=\"text-align: center;\">Empiece Hoy<\/h2>\n\n\t\t<\/div>\n\t<\/div>\n\n\t<div class=\"wpb_text_column wpb_content_element  vc_custom_1719722621143\" >\n\t\t<div class=\"wpb_wrapper\">\n\t\t\t<p><strong><span style=\"color: #0c4da1;\">Asegure su estabilidad financiera y conc\u00e9ntrese en su recuperaci\u00f3n con Olilit Funding. Hable con nuestros especialistas legales y consulte a su abogado para comenzar el proceso. Env\u00ede su solicitud en l\u00ednea o por tel\u00e9fono para acceder a los fondos que necesita r\u00e1pidamente.<\/span><\/strong><\/p>\n\n\t\t<\/div>\n\t<\/div>\n<div class=\"ubtn-ctn-center\"><a class=\"ubtn-link ult-adjust-bottom-margin ubtn-center ubtn-large\" href=\"https:\/\/olilit.com\/es\/apply-now\/\" title=\"Aplica ya\" ><button type=\"button\" id=\"ubtn-7067\"  class=\"ubtn ult-adjust-bottom-margin ult-responsive ubtn-large ubtn-bottom-bg  none  ubtn-center   tooltip-69e0309b81814\"  data-hover=\"#ffffff\" data-border-color=\"#0c4da1\" data-bg=\"#0c4da1\" data-hover-bg=\"#009b4e\" data-border-hover=\"#009b4e\" data-shadow-hover=\"\" data-shadow-click=\"none\" data-shadow=\"\" data-shd-shadow=\"\"  data-ultimate-target='#ubtn-7067'  data-responsive-json-new='{\"font-size\":\"desktop:20px;\",\"line-height\":\"desktop:30px;\"}'  style=\"font-weight:bold;border-radius:9px;border-width:1px;border-color:#0c4da1;border-style:solid;background: #0c4da1;color: #ffffff;\"><span class=\"ubtn-hover\" style=\"background-color:#009b4e\"><\/span><span class=\"ubtn-data ubtn-text\" >\u00a1APLICA YA!<\/span><\/button><\/a><\/div><\/div><\/div><\/div><\/div><div class=\"vc_row-full-width vc_clearfix\"><\/div><\/section><div class=\"vc_row-full-width vc_clearfix\"><\/div>\n<\/div>","protected":false},"excerpt":{"rendered":"<p>Answers for Commonly Asked Questions At Olilit Funding, we understand that you may have many questions about our pre-settlement funding services. Here, we address some of the most frequently asked questions to help you better understand our process and offerings. Are you Licensed &amp; Regulated?Yes, we are one of the very few licensed and regulated&hellip;<\/p>","protected":false},"author":1,"featured_media":0,"parent":0,"menu_order":0,"comment_status":"closed","ping_status":"closed","template":"","meta":{"footnotes":""},"class_list":["post-145","page","type-page","status-publish","hentry","description-off"],"_links":{"self":[{"href":"https:\/\/olilit.com\/es\/wp-json\/wp\/v2\/pages\/145","targetHints":{"allow":["GET"]}}],"collection":[{"href":"https:\/\/olilit.com\/es\/wp-json\/wp\/v2\/pages"}],"about":[{"href":"https:\/\/olilit.com\/es\/wp-json\/wp\/v2\/types\/page"}],"author":[{"embeddable":true,"href":"https:\/\/olilit.com\/es\/wp-json\/wp\/v2\/users\/1"}],"replies":[{"embeddable":true,"href":"https:\/\/olilit.com\/es\/wp-json\/wp\/v2\/comments?post=145"}],"version-history":[{"count":15,"href":"https:\/\/olilit.com\/es\/wp-json\/wp\/v2\/pages\/145\/revisions"}],"predecessor-version":[{"id":616,"href":"https:\/\/olilit.com\/es\/wp-json\/wp\/v2\/pages\/145\/revisions\/616"}],"wp:attachment":[{"href":"https:\/\/olilit.com\/es\/wp-json\/wp\/v2\/media?parent=145"}],"curies":[{"name":"wp","href":"https:\/\/api.w.org\/{rel}","templated":true}]}}