{"id":143,"date":"2024-06-29T22:24:32","date_gmt":"2024-06-30T05:24:32","guid":{"rendered":"https:\/\/olilit.com\/?page_id=143"},"modified":"2024-07-23T09:27:44","modified_gmt":"2024-07-23T16:27:44","slug":"important-information","status":"publish","type":"page","link":"https:\/\/olilit.com\/es\/important-information\/","title":{"rendered":"Informaci\u00f3n Importante"},"content":{"rendered":"<div class=\"wpb-content-wrapper\"><section class=\"vc_section top-bg vc_custom_1721598331541\"><div class=\"vc_row wpb_row vc_row-fluid\"><div class=\"wpb_column vc_column_container vc_col-sm-12\"><div class=\"vc_column-inner\"><div class=\"wpb_wrapper\">\n\t<div class=\"wpb_text_column wpb_content_element  vc_custom_1719769132527\" >\n\t\t<div class=\"wpb_wrapper\">\n\t\t\t<h1 style=\"text-align: center;\">Informaci\u00f3n Legal y Financiera Clave<\/h1>\n\n\t\t<\/div>\n\t<\/div>\n\n\t<div class=\"wpb_text_column wpb_content_element  vc_custom_1719773439624\" >\n\t\t<div class=\"wpb_wrapper\">\n\t\t\t<p>En Olilit Funding, queremos asegurarnos de que est\u00e9 completamente informado sobre los aspectos legales y financieros de nuestra financiaci\u00f3n previa al acuerdo. Aqu\u00ed hay algunos puntos importantes a considerar:<\/p>\n\n\t\t<\/div>\n\t<\/div>\n\n\t<div class=\"wpb_text_column wpb_content_element  vc_custom_1719769488785\" >\n\t\t<div class=\"wpb_wrapper\">\n\t\t\t<h2 style=\"text-align: center;\">Leyes Estatales Que Afectan la Elegibilidad para Recibir Financiaci\u00f3n<\/h2>\n\n\t\t<\/div>\n\t<\/div>\n\n\t<div class=\"wpb_text_column wpb_content_element  vc_custom_1719769640048\" >\n\t\t<div class=\"wpb_wrapper\">\n\t\t\t<h3>Estatuto de Limitaciones<\/h3>\n<p>El estatuto de limitaciones es un factor cr\u00edtico para determinar su elegibilidad para recibir financiaci\u00f3n previa al acuerdo. En la mayor\u00eda de los estados, existe un per\u00edodo de tiempo espec\u00edfico dentro del cual debe presentar su demanda despu\u00e9s de que ocurre un incidente. En Nevada, por ejemplo, normalmente tiene dos a\u00f1os a partir de la fecha del accidente para presentar un reclamo por lesiones personales. Si no cumple con esta fecha l\u00edmite, es posible que no sea elegible para recibir financiaci\u00f3n.<\/p>\n<h3>Regla de Falla Comparativa<\/h3>\n<p>La regla de culpa comparativa puede afectar la cantidad de financiaci\u00f3n que recibe. Esta regla eval\u00faa el grado de culpa atribuido a cada parte involucrada en el accidente. Si se le considera parcialmente culpable, su compensaci\u00f3n podr\u00eda reducirse en consecuencia, lo que puede afectar la financiaci\u00f3n que podemos proporcionar. Evaluamos cada caso individualmente para determinar la cantidad adecuada de financiaci\u00f3n seg\u00fan la solidez de su caso y el resultado probable.<\/p>\n\n\t\t<\/div>\n\t<\/div>\n\n\t<div class=\"wpb_text_column wpb_content_element  vc_custom_1719769708096\" >\n\t\t<div class=\"wpb_wrapper\">\n\t\t\t<h2 style=\"text-align: center;\">Opciones de Financiaci\u00f3n Flexibles<\/h2>\n\n\t\t<\/div>\n\t<\/div>\n\n\t<div class=\"wpb_text_column wpb_content_element  vc_custom_1721094264129\" >\n\t\t<div class=\"wpb_wrapper\">\n\t\t\t<h3>M\u00faltiples Avances<\/h3>\n<p>En Olilit Funding, entendemos que sus necesidades financieras pueden cambiar a medida que avanza su caso. Por eso ofrecemos la opci\u00f3n de m\u00faltiples avances. Si necesita fondos adicionales en una etapa posterior, puede solicitar m\u00e1s fondos sin incurrir en tarifas de procesamiento adicionales. Esta flexibilidad garantiza que tenga acceso a los recursos que necesita a lo largo de su trayectoria legal.<\/p>\n\n\t\t<\/div>\n\t<\/div>\n<\/div><\/div><\/div><\/div><\/section><section class=\"vc_section top-bg vc_custom_1721598344250\"><div class=\"vc_row wpb_row vc_row-fluid\"><div class=\"wpb_column vc_column_container vc_col-sm-12\"><div class=\"vc_column-inner\"><div class=\"wpb_wrapper\">\n\t<div class=\"wpb_text_column wpb_content_element  vc_custom_1719769309306\" >\n\t\t<div class=\"wpb_wrapper\">\n\t\t\t<h2 style=\"text-align: center;\">Empoder\u00e1ndolo con Conocimiento y Apoyo<\/h2>\n\n\t\t<\/div>\n\t<\/div>\n\n\t<div class=\"wpb_text_column wpb_content_element  vc_custom_1721752061847\" >\n\t\t<div class=\"wpb_wrapper\">\n\t\t\t<p>Comprender estos aspectos legales y financieros clave lo ayudar\u00e1 a tomar decisiones informadas sobre su financiamiento previo al acuerdo. En Olilit Funding, estamos comprometidos a brindar soluciones de financiaci\u00f3n transparentes, flexibles y solidarias adaptadas a sus necesidades \u00fanicas. Si tiene alguna pregunta o necesita m\u00e1s informaci\u00f3n, por favor <strong> <a href=\"https:\/\/olilit.com\/es\/contact-us\/\">contacta con nosotros<\/a><\/strong> hoy.<\/p>\n\n\t\t<\/div>\n\t<\/div>\n<\/div><\/div><\/div><\/div><\/section><section data-vc-full-width=\"true\" data-vc-full-width-temp=\"true\" data-vc-full-width-init=\"false\" class=\"vc_section cta-blue-bg\"><div data-vc-full-width=\"true\" data-vc-full-width-temp=\"true\" data-vc-full-width-init=\"false\" class=\"vc_row wpb_row vc_row-fluid\"><div class=\"wpb_column vc_column_container vc_col-sm-12\"><div class=\"vc_column-inner\"><div class=\"wpb_wrapper\">\n\t<div class=\"wpb_text_column wpb_content_element  vc_custom_1719722608669\" >\n\t\t<div class=\"wpb_wrapper\">\n\t\t\t<h2 style=\"text-align: center;\">Empiece Hoy<\/h2>\n\n\t\t<\/div>\n\t<\/div>\n\n\t<div class=\"wpb_text_column wpb_content_element  vc_custom_1719722621143\" >\n\t\t<div class=\"wpb_wrapper\">\n\t\t\t<p><strong><span style=\"color: #0c4da1;\">Asegure su estabilidad financiera y conc\u00e9ntrese en su recuperaci\u00f3n con Olilit Funding. Hable con nuestros especialistas legales y consulte a su abogado para comenzar el proceso. Env\u00ede su solicitud en l\u00ednea o por tel\u00e9fono para acceder a los fondos que necesita r\u00e1pidamente.<\/span><\/strong><\/p>\n\n\t\t<\/div>\n\t<\/div>\n<div class=\"ubtn-ctn-center\"><a class=\"ubtn-link ult-adjust-bottom-margin ubtn-center ubtn-large\" href=\"https:\/\/olilit.com\/es\/apply-now\/\" title=\"Aplica ya\" ><button type=\"button\" id=\"ubtn-5063\"  class=\"ubtn ult-adjust-bottom-margin ult-responsive ubtn-large ubtn-bottom-bg  none  ubtn-center   tooltip-69e030a658f4d\"  data-hover=\"#ffffff\" data-border-color=\"#0c4da1\" data-bg=\"#0c4da1\" data-hover-bg=\"#009b4e\" data-border-hover=\"#009b4e\" data-shadow-hover=\"\" data-shadow-click=\"none\" data-shadow=\"\" data-shd-shadow=\"\"  data-ultimate-target='#ubtn-5063'  data-responsive-json-new='{\"font-size\":\"desktop:20px;\",\"line-height\":\"desktop:30px;\"}'  style=\"font-weight:bold;border-radius:9px;border-width:1px;border-color:#0c4da1;border-style:solid;background: #0c4da1;color: #ffffff;\"><span class=\"ubtn-hover\" style=\"background-color:#009b4e\"><\/span><span class=\"ubtn-data ubtn-text\" >\u00a1APLICA YA!<\/span><\/button><\/a><\/div><\/div><\/div><\/div><\/div><div class=\"vc_row-full-width vc_clearfix\"><\/div><\/section><div class=\"vc_row-full-width vc_clearfix\"><\/div>\n<\/div>","protected":false},"excerpt":{"rendered":"<p>Key Legal and Financial Information At Olilit Funding, we want to ensure that you are fully informed about the legal and financial aspects of our pre-settlement funding. Here are some important points to consider: State Laws Affecting Funding Eligibility Statute of Limitations The statute of limitations is a critical factor in determining your eligibility for&hellip;<\/p>","protected":false},"author":1,"featured_media":0,"parent":0,"menu_order":0,"comment_status":"closed","ping_status":"closed","template":"","meta":{"footnotes":""},"class_list":["post-143","page","type-page","status-publish","hentry","description-off"],"_links":{"self":[{"href":"https:\/\/olilit.com\/es\/wp-json\/wp\/v2\/pages\/143","targetHints":{"allow":["GET"]}}],"collection":[{"href":"https:\/\/olilit.com\/es\/wp-json\/wp\/v2\/pages"}],"about":[{"href":"https:\/\/olilit.com\/es\/wp-json\/wp\/v2\/types\/page"}],"author":[{"embeddable":true,"href":"https:\/\/olilit.com\/es\/wp-json\/wp\/v2\/users\/1"}],"replies":[{"embeddable":true,"href":"https:\/\/olilit.com\/es\/wp-json\/wp\/v2\/comments?post=143"}],"version-history":[{"count":16,"href":"https:\/\/olilit.com\/es\/wp-json\/wp\/v2\/pages\/143\/revisions"}],"predecessor-version":[{"id":673,"href":"https:\/\/olilit.com\/es\/wp-json\/wp\/v2\/pages\/143\/revisions\/673"}],"wp:attachment":[{"href":"https:\/\/olilit.com\/es\/wp-json\/wp\/v2\/media?parent=143"}],"curies":[{"name":"wp","href":"https:\/\/api.w.org\/{rel}","templated":true}]}}