{"id":100,"date":"2024-06-29T17:30:33","date_gmt":"2024-06-30T00:30:33","guid":{"rendered":"https:\/\/olilit.com\/?page_id=100"},"modified":"2024-07-23T05:33:49","modified_gmt":"2024-07-23T12:33:49","slug":"how-it-works","status":"publish","type":"page","link":"https:\/\/olilit.com\/es\/how-it-works\/","title":{"rendered":"C\u00f3mo Funciona"},"content":{"rendered":"<div class=\"wpb-content-wrapper\"><section class=\"vc_section top-bg\"><div class=\"vc_row wpb_row vc_row-fluid\"><div class=\"wpb_column vc_column_container vc_col-sm-12\"><div class=\"vc_column-inner\"><div class=\"wpb_wrapper\">\n\t<div class=\"wpb_text_column wpb_content_element\" >\n\t\t<div class=\"wpb_wrapper\">\n\t\t\t<h1 style=\"text-align: center;\">Proceso Simple y R\u00e1pido<\/h1>\n\n\t\t<\/div>\n\t<\/div>\n\n\t<div class=\"wpb_text_column wpb_content_element\" >\n\t\t<div class=\"wpb_wrapper\">\n\t\t\t<p>En Olilit Funding, entendemos la urgencia de sus necesidades financieras durante una batalla legal. Nuestro proceso est\u00e1 dise\u00f1ado para ser lo m\u00e1s sencillo y eficiente posible, para que usted pueda concentrarse en su recuperaci\u00f3n y su caso.<\/p>\n\n\t\t<\/div>\n\t<\/div>\n<\/div><\/div><\/div><\/div><\/section><section data-vc-full-width=\"true\" data-vc-full-width-temp=\"true\" data-vc-full-width-init=\"false\" class=\"vc_section body-blue-bg\"><div data-vc-full-width=\"true\" data-vc-full-width-temp=\"true\" data-vc-full-width-init=\"false\" class=\"vc_row wpb_row vc_row-fluid infobox-container\"><div class=\"wpb_column vc_column_container vc_col-sm-12\"><div class=\"vc_column-inner\"><div class=\"wpb_wrapper\">\n\t<div class=\"wpb_text_column wpb_content_element\" >\n\t\t<div class=\"wpb_wrapper\">\n\t\t\t<h1 style=\"text-align: center;\"><span style=\"color: #ffffff;\">As\u00ed es Como Funciona<\/span><\/h1>\n\n\t\t<\/div>\n\t<\/div>\n<div class=\"vc_row wpb_row vc_inner vc_row-fluid vc_row-o-equal-height vc_row-flex\"><div class=\"infobox-col wpb_column vc_column_container vc_col-sm-4\"><div class=\"vc_column-inner\"><div class=\"wpb_wrapper\"><div class=\"vc_empty_space\"   style=\"height: 20px\"><span class=\"vc_empty_space_inner\"><\/span><\/div>\n\t<div class=\"wpb_text_column wpb_content_element\" >\n\t\t<div class=\"wpb_wrapper\">\n\t\t\t<h2 style=\"text-align: center;\"><span style=\"color: #ffffff;\">1. Usted Aplica<\/span><\/h2>\n\n\t\t<\/div>\n\t<\/div>\n<div class=\"vc_icon_element vc_icon_element-outer vc_do_icon vc_icon_element-align-center vc_icon_element-have-style\"><div class=\"vc_icon_element-inner vc_icon_element-color-white vc_icon_element-have-style-inner vc_icon_element-size-xl vc_icon_element-style-rounded-outline vc_icon_element-outline vc_icon_element-background-color-white\" ><span class=\"vc_icon_element-icon fas fa-file\" ><\/span><\/div><\/div>\n\t<div class=\"wpb_text_column wpb_content_element\" >\n\t\t<div class=\"wpb_wrapper\">\n\t\t\t<p><span style=\"color: #ffffff;\">Comenzar a utilizar Olilit Funding es f\u00e1cil y r\u00e1pido. Puede presentar su solicitud en l\u00ednea utilizando nuestro sencillo formulario o llamar a nuestro n\u00famero de tel\u00e9fono en cualquier momento. El proceso de solicitud toma s\u00f3lo unos minutos y es completamente gratuito. Todo lo que necesitamos es informaci\u00f3n b\u00e1sica sobre usted y su caso.<\/span><\/p>\n\n\t\t<\/div>\n\t<\/div>\n<\/div><\/div><\/div><div class=\"infobox-col wpb_column vc_column_container vc_col-sm-4\"><div class=\"vc_column-inner\"><div class=\"wpb_wrapper\"><div class=\"vc_empty_space\"   style=\"height: 20px\"><span class=\"vc_empty_space_inner\"><\/span><\/div>\n\t<div class=\"wpb_text_column wpb_content_element\" >\n\t\t<div class=\"wpb_wrapper\">\n\t\t\t<h2 style=\"text-align: center;\"><span style=\"color: #ffffff;\">2. Nosotros Revisamos<\/span><\/h2>\n\n\t\t<\/div>\n\t<\/div>\n<div class=\"vc_icon_element vc_icon_element-outer vc_do_icon vc_icon_element-align-center vc_icon_element-have-style\"><div class=\"vc_icon_element-inner vc_icon_element-color-white vc_icon_element-have-style-inner vc_icon_element-size-xl vc_icon_element-style-rounded-outline vc_icon_element-outline vc_icon_element-background-color-white\" ><span class=\"vc_icon_element-icon fas fa-search-dollar\" ><\/span><\/div><\/div>\n\t<div class=\"wpb_text_column wpb_content_element\" >\n\t\t<div class=\"wpb_wrapper\">\n\t\t\t<p><span style=\"color: #ffffff;\">Una vez que recibamos su solicitud, nuestro equipo la revisar\u00e1 de inmediato. Consultaremos con su abogado para recopilar los detalles necesarios sobre su caso. Este enfoque colaborativo garantiza que tengamos toda la informaci\u00f3n necesaria para tomar una decisi\u00f3n informada. Recibir\u00e1 una respuesta sobre su aprobaci\u00f3n r\u00e1pidamente,en pocas horas.<\/span><\/p>\n\n\t\t<\/div>\n\t<\/div>\n<\/div><\/div><\/div><div class=\"infobox-col wpb_column vc_column_container vc_col-sm-4\"><div class=\"vc_column-inner\"><div class=\"wpb_wrapper\"><div class=\"vc_empty_space\"   style=\"height: 20px\"><span class=\"vc_empty_space_inner\"><\/span><\/div>\n\t<div class=\"wpb_text_column wpb_content_element\" >\n\t\t<div class=\"wpb_wrapper\">\n\t\t\t<h2 style=\"text-align: center;\"><span style=\"color: #ffffff;\">3. Nosotros Pagamos<\/span><\/h2>\n\n\t\t<\/div>\n\t<\/div>\n<div class=\"vc_icon_element vc_icon_element-outer vc_do_icon vc_icon_element-align-center vc_icon_element-have-style\"><div class=\"vc_icon_element-inner vc_icon_element-color-white vc_icon_element-have-style-inner vc_icon_element-size-xl vc_icon_element-style-rounded-outline vc_icon_element-outline vc_icon_element-background-color-white\" ><span class=\"vc_icon_element-icon fas fa-dollar-sign\" ><\/span><\/div><\/div>\n\t<div class=\"wpb_text_column wpb_content_element\" >\n\t\t<div class=\"wpb_wrapper\">\n\t\t\t<p><span style=\"color: #ffffff;\">Despu\u00e9s de la aprobaci\u00f3n, recibir\u00e1 un acuerdo de financiaci\u00f3n que describe los t\u00e9rminos. Revise y firme el acuerdo, luego devu\u00e9lvalo. Una vez que tengamos su acuerdo firmado, liberaremos sus fondos. Puede recibir su dinero en tan solo 24 horas, ya sea mediante cheque o transferencia bancaria a su cuenta.<\/span><\/p>\n\n\t\t<\/div>\n\t<\/div>\n<\/div><\/div><\/div><\/div><\/div><\/div><\/div><\/div><div class=\"vc_row-full-width vc_clearfix\"><\/div><!-- Row Backgrounds --><div class=\"upb_color\" data-bg-override=\"0\" data-bg-color=\"#0c4da1\" data-fadeout=\"\" data-fadeout-percentage=\"30\" data-parallax-content=\"\" data-parallax-content-sense=\"30\" data-row-effect-mobile-disable=\"true\" data-img-parallax-mobile-disable=\"true\" data-rtl=\"false\"  data-custom-vc-row=\"\"  data-vc=\"8.7.1\"  data-is_old_vc=\"\"  data-theme-support=\"\"   data-overlay=\"false\" data-overlay-color=\"\" data-overlay-pattern=\"\" data-overlay-pattern-opacity=\"\" data-overlay-pattern-size=\"\"     data-hide-row=\" uvc_hidden-sm  uvc_hidden-xs  uvc_hidden-xsl \" ><\/div><div data-vc-full-width=\"true\" data-vc-full-width-temp=\"true\" data-vc-full-width-init=\"false\" class=\"vc_row wpb_row vc_row-fluid body-blue-bg\"><div class=\"wpb_column vc_column_container vc_col-sm-12\"><div class=\"vc_column-inner\"><div class=\"wpb_wrapper\">\n\t<div class=\"wpb_text_column wpb_content_element\" >\n\t\t<div class=\"wpb_wrapper\">\n\t\t\t<h1 style=\"text-align: center;\"><span style=\"color: #ffffff;\">As\u00ed es Como Funciona<\/span><\/h1>\n\n\t\t<\/div>\n\t<\/div>\n<div class=\"vc_row wpb_row vc_inner vc_row-fluid vc_row-o-equal-height vc_row-flex\"><div class=\"infobox wpb_column vc_column_container vc_col-sm-12\"><div class=\"vc_column-inner\"><div class=\"wpb_wrapper\"><div class=\"vc_empty_space\"   style=\"height: 20px\"><span class=\"vc_empty_space_inner\"><\/span><\/div>\n\t<div class=\"wpb_text_column wpb_content_element\" >\n\t\t<div class=\"wpb_wrapper\">\n\t\t\t<h2 style=\"text-align: center;\"><span style=\"color: #ffffff;\">1. Usted Aplica<\/span><\/h2>\n\n\t\t<\/div>\n\t<\/div>\n<div class=\"vc_icon_element vc_icon_element-outer vc_do_icon vc_icon_element-align-center vc_icon_element-have-style\"><div class=\"vc_icon_element-inner vc_icon_element-color-white vc_icon_element-have-style-inner vc_icon_element-size-xl vc_icon_element-style-rounded-outline vc_icon_element-outline vc_icon_element-background-color-white\" ><span class=\"vc_icon_element-icon fas fa-file\" ><\/span><\/div><\/div>\n\t<div class=\"wpb_text_column wpb_content_element\" >\n\t\t<div class=\"wpb_wrapper\">\n\t\t\t<p><span style=\"color: #ffffff;\">Comenzar a utilizar Olilit Funding es f\u00e1cil y r\u00e1pido. Puede presentar su solicitud en l\u00ednea utilizando nuestro sencillo formulario o llamar a nuestro n\u00famero de tel\u00e9fono en cualquier momento. El proceso de solicitud toma s\u00f3lo unos minutos y es completamente gratuito. Todo lo que necesitamos es informaci\u00f3n b\u00e1sica sobre usted y su caso.<\/span><\/p>\n\n\t\t<\/div>\n\t<\/div>\n<div class=\"vc_empty_space\"   style=\"height: 20px\"><span class=\"vc_empty_space_inner\"><\/span><\/div><\/div><\/div><\/div><\/div><div class=\"vc_row wpb_row vc_inner vc_row-fluid vc_row-o-equal-height vc_row-flex\"><div class=\"infobox wpb_column vc_column_container vc_col-sm-12\"><div class=\"vc_column-inner\"><div class=\"wpb_wrapper\"><div class=\"vc_empty_space\"   style=\"height: 20px\"><span class=\"vc_empty_space_inner\"><\/span><\/div>\n\t<div class=\"wpb_text_column wpb_content_element\" >\n\t\t<div class=\"wpb_wrapper\">\n\t\t\t<h2 style=\"text-align: center;\"><span style=\"color: #ffffff;\">2. Nosotros Revisamos<\/span><\/h2>\n\n\t\t<\/div>\n\t<\/div>\n<div class=\"vc_icon_element vc_icon_element-outer vc_do_icon vc_icon_element-align-center vc_icon_element-have-style\"><div class=\"vc_icon_element-inner vc_icon_element-color-white vc_icon_element-have-style-inner vc_icon_element-size-xl vc_icon_element-style-rounded-outline vc_icon_element-outline vc_icon_element-background-color-white\" ><span class=\"vc_icon_element-icon fas fa-search-dollar\" ><\/span><\/div><\/div>\n\t<div class=\"wpb_text_column wpb_content_element\" >\n\t\t<div class=\"wpb_wrapper\">\n\t\t\t<p><span style=\"color: #ffffff;\">Una vez que recibamos su solicitud, nuestro equipo la revisar\u00e1 de inmediato. Consultaremos con su abogado para recopilar los detalles necesarios sobre su caso. Este enfoque colaborativo garantiza que tengamos toda la informaci\u00f3n necesaria para tomar una decisi\u00f3n informada. Recibir\u00e1 una respuesta sobre su aprobaci\u00f3n r\u00e1pidamente,en pocas horas.<\/span><\/p>\n\n\t\t<\/div>\n\t<\/div>\n<div class=\"vc_empty_space\"   style=\"height: 20px\"><span class=\"vc_empty_space_inner\"><\/span><\/div><\/div><\/div><\/div><\/div><div class=\"vc_row wpb_row vc_inner vc_row-fluid vc_row-o-equal-height vc_row-flex\"><div class=\"infobox wpb_column vc_column_container vc_col-sm-12\"><div class=\"vc_column-inner\"><div class=\"wpb_wrapper\"><div class=\"vc_empty_space\"   style=\"height: 20px\"><span class=\"vc_empty_space_inner\"><\/span><\/div>\n\t<div class=\"wpb_text_column wpb_content_element\" >\n\t\t<div class=\"wpb_wrapper\">\n\t\t\t<h2 style=\"text-align: center;\"><span style=\"color: #ffffff;\">3. Nosotros Pagamos<\/span><\/h2>\n\n\t\t<\/div>\n\t<\/div>\n<div class=\"vc_icon_element vc_icon_element-outer vc_do_icon vc_icon_element-align-center vc_icon_element-have-style\"><div class=\"vc_icon_element-inner vc_icon_element-color-white vc_icon_element-have-style-inner vc_icon_element-size-xl vc_icon_element-style-rounded-outline vc_icon_element-outline vc_icon_element-background-color-white\" ><span class=\"vc_icon_element-icon fas fa-dollar-sign\" ><\/span><\/div><\/div>\n\t<div class=\"wpb_text_column wpb_content_element\" >\n\t\t<div class=\"wpb_wrapper\">\n\t\t\t<p><span style=\"color: #ffffff;\">Despu\u00e9s de la aprobaci\u00f3n, recibir\u00e1 un acuerdo de financiaci\u00f3n que describe los t\u00e9rminos. Revise y firme el acuerdo, luego devu\u00e9lvalo. Una vez que tengamos su acuerdo firmado, liberaremos sus fondos. Puede recibir su dinero en tan solo 24 horas, ya sea mediante cheque o transferencia bancaria a su cuenta bancaria.<\/span><\/p>\n\n\t\t<\/div>\n\t<\/div>\n<\/div><\/div><\/div><\/div><\/div><\/div><\/div><\/div><div class=\"vc_row-full-width vc_clearfix\"><\/div><!-- Row Backgrounds --><div class=\"upb_color\" data-bg-override=\"0\" data-bg-color=\"#0c4da1\" data-fadeout=\"\" data-fadeout-percentage=\"30\" data-parallax-content=\"\" data-parallax-content-sense=\"30\" data-row-effect-mobile-disable=\"true\" data-img-parallax-mobile-disable=\"true\" data-rtl=\"false\"  data-custom-vc-row=\"\"  data-vc=\"8.7.1\"  data-is_old_vc=\"\"  data-theme-support=\"\"   data-overlay=\"false\" data-overlay-color=\"\" data-overlay-pattern=\"\" data-overlay-pattern-opacity=\"\" data-overlay-pattern-size=\"\"     data-hide-row=\" uvc_hidden-lg  uvc_hidden-ml  uvc_hidden-md \" ><\/div><\/section><div class=\"vc_row-full-width vc_clearfix\"><\/div><section class=\"vc_section body-bg\"><div class=\"vc_row wpb_row vc_row-fluid\"><div class=\"wpb_column vc_column_container vc_col-sm-12\"><div class=\"vc_column-inner\"><div class=\"wpb_wrapper\">\n\t<div class=\"wpb_text_column wpb_content_element\" >\n\t\t<div class=\"wpb_wrapper\">\n\t\t\t<h2 style=\"text-align: center;\">C\u00f3mo Puede Ayudarle la Financiaci\u00f3n de Olilit<\/h2>\n\n\t\t<\/div>\n\t<\/div>\n\n\t<div class=\"wpb_text_column wpb_content_element\" >\n\t\t<div class=\"wpb_wrapper\">\n\t\t\t<p>Con Olilit Funding, acceder al apoyo financiero que necesita es r\u00e1pido, f\u00e1cil y sin riesgos. Nuestro equipo est\u00e1 dedicado a ayudarlo a navegar este momento desafiante con confianza y tranquilidad.<\/p>\n<p>Olilit Funding ofrece financiaci\u00f3n sin recurso, lo que significa que si pierde su caso, no nos debe nada. Cobramos una tarifa anual simple sin intereses mensuales. Nuestro equipo, fundado por profesionales con experiencia en lesiones personales y finanzas, tiene un amplio conocimiento local del proceso legal.<\/p>\n\n\t\t<\/div>\n\t<\/div>\n<\/div><\/div><\/div><\/div><\/section><section data-vc-full-width=\"true\" data-vc-full-width-temp=\"true\" data-vc-full-width-init=\"false\" class=\"vc_section cta-blue-bg\"><div data-vc-full-width=\"true\" data-vc-full-width-temp=\"true\" data-vc-full-width-init=\"false\" class=\"vc_row wpb_row vc_row-fluid\"><div class=\"wpb_column vc_column_container vc_col-sm-12\"><div class=\"vc_column-inner\"><div class=\"wpb_wrapper\">\n\t<div class=\"wpb_text_column wpb_content_element\" >\n\t\t<div class=\"wpb_wrapper\">\n\t\t\t<h2 style=\"text-align: center;\">Empiece Hoy<\/h2>\n\n\t\t<\/div>\n\t<\/div>\n\n\t<div class=\"wpb_text_column wpb_content_element\" >\n\t\t<div class=\"wpb_wrapper\">\n\t\t\t<p><strong><span style=\"color: #0c4da1;\">Asegure su estabilidad financiera y conc\u00e9ntrese en su recuperaci\u00f3n con Olilit Funding. Hable con nuestros especialistas legales y consulte a su abogado para comenzar el proceso. Env\u00ede su solicitud en l\u00ednea o por tel\u00e9fono para acceder a los fondos que necesita r\u00e1pidamente.<\/span><\/strong><\/p>\n\n\t\t<\/div>\n\t<\/div>\n<div class=\"ubtn-ctn-center\"><a class=\"ubtn-link ult-adjust-bottom-margin ubtn-center ubtn-large\" href=\"https:\/\/olilit.com\/es\/apply-now\/\" title=\"Aplica ya\" ><button type=\"button\" id=\"ubtn-9527\"  class=\"ubtn ult-adjust-bottom-margin ult-responsive ubtn-large ubtn-bottom-bg  none  ubtn-center   tooltip-69e0456335eef\"  data-hover=\"#ffffff\" data-border-color=\"#0c4da1\" data-bg=\"#0c4da1\" data-hover-bg=\"#009b4e\" data-border-hover=\"#009b4e\" data-shadow-hover=\"\" data-shadow-click=\"none\" data-shadow=\"\" data-shd-shadow=\"\"  data-ultimate-target='#ubtn-9527'  data-responsive-json-new='{\"font-size\":\"desktop:20px;\",\"line-height\":\"desktop:30px;\"}'  style=\"font-weight:bold;border-radius:9px;border-width:1px;border-color:#0c4da1;border-style:solid;background: #0c4da1;color: #ffffff;\"><span class=\"ubtn-hover\" style=\"background-color:#009b4e\"><\/span><span class=\"ubtn-data ubtn-text\" >\u00a1APLICA YA!<\/span><\/button><\/a><\/div><\/div><\/div><\/div><\/div><div class=\"vc_row-full-width vc_clearfix\"><\/div><\/section><div class=\"vc_row-full-width vc_clearfix\"><\/div>\n<\/div>","protected":false},"excerpt":{"rendered":"<p>Simple and Quick Process At Olilit Funding, we understand the urgency of your financial needs during a legal battle. Our process is designed to be as straightforward and efficient as possible, so you can focus on your recovery and case. Here\u2019s How It Works 1. You Apply Getting started with Olilit Funding is easy and&hellip;<\/p>","protected":false},"author":1,"featured_media":0,"parent":0,"menu_order":0,"comment_status":"closed","ping_status":"closed","template":"","meta":{"footnotes":""},"class_list":["post-100","page","type-page","status-publish","hentry","description-off"],"_links":{"self":[{"href":"https:\/\/olilit.com\/es\/wp-json\/wp\/v2\/pages\/100","targetHints":{"allow":["GET"]}}],"collection":[{"href":"https:\/\/olilit.com\/es\/wp-json\/wp\/v2\/pages"}],"about":[{"href":"https:\/\/olilit.com\/es\/wp-json\/wp\/v2\/types\/page"}],"author":[{"embeddable":true,"href":"https:\/\/olilit.com\/es\/wp-json\/wp\/v2\/users\/1"}],"replies":[{"embeddable":true,"href":"https:\/\/olilit.com\/es\/wp-json\/wp\/v2\/comments?post=100"}],"version-history":[{"count":147,"href":"https:\/\/olilit.com\/es\/wp-json\/wp\/v2\/pages\/100\/revisions"}],"predecessor-version":[{"id":668,"href":"https:\/\/olilit.com\/es\/wp-json\/wp\/v2\/pages\/100\/revisions\/668"}],"wp:attachment":[{"href":"https:\/\/olilit.com\/es\/wp-json\/wp\/v2\/media?parent=100"}],"curies":[{"name":"wp","href":"https:\/\/api.w.org\/{rel}","templated":true}]}}